{"id":275,"date":"2025-05-23T15:45:47","date_gmt":"2025-05-23T14:45:47","guid":{"rendered":"https:\/\/primabooks.eu\/?page_id=275"},"modified":"2025-09-04T08:48:13","modified_gmt":"2025-09-04T08:48:13","slug":"notebooks","status":"publish","type":"page","link":"https:\/\/primabooks.eu\/en\/products-2\/notebooks\/","title":{"rendered":"Notebooks"},"content":{"rendered":"","protected":false},"excerpt":{"rendered":"<p>An affordable and quick binding method where the pages are folded and stapled together with metal clips through the spine. Suitable for shorter and simple content.<\/p>","protected":false},"author":1,"featured_media":352,"parent":20,"menu_order":0,"comment_status":"closed","ping_status":"closed","template":"","meta":{"footnotes":""},"class_list":["post-275","page","type-page","status-publish","has-post-thumbnail","hentry"],"yoast_head":"<!-- This site is optimized with the Yoast SEO plugin v25.9 - https:\/\/yoast.com\/wordpress\/plugins\/seo\/ -->\n<title>Zvezki - Prima books<\/title>\n<meta name=\"robots\" content=\"index, follow, max-snippet:-1, max-image-preview:large, max-video-preview:-1\" \/>\n<link rel=\"canonical\" href=\"https:\/\/primabooks.eu\/en\/products-2\/notebooks\/\" \/>\n<meta property=\"og:locale\" content=\"en_GB\" \/>\n<meta property=\"og:type\" content=\"article\" \/>\n<meta property=\"og:title\" content=\"Zvezki - Prima books\" \/>\n<meta property=\"og:description\" content=\"Cenovno dostopna in hitra oblika vezave, pri kateri se strani zlo\u017eijo in spnejo s kovinskimi sponkami skozi hrbti\u0161\u010de. Primerna za kraj\u0161e in preproste vsebine.\" \/>\n<meta property=\"og:url\" content=\"https:\/\/primabooks.eu\/en\/products-2\/notebooks\/\" \/>\n<meta property=\"og:site_name\" content=\"Prima books\" \/>\n<meta property=\"article:modified_time\" content=\"2025-09-04T08:48:13+00:00\" \/>\n<meta property=\"og:image\" content=\"https:\/\/primabooks.eu\/wp-content\/uploads\/2025\/07\/primabooks-zvezek-small.jpg\" \/>\n\t<meta property=\"og:image:width\" content=\"1200\" \/>\n\t<meta property=\"og:image:height\" content=\"800\" \/>\n\t<meta property=\"og:image:type\" content=\"image\/jpeg\" \/>\n<meta name=\"twitter:card\" content=\"summary_large_image\" \/>\n<meta name=\"twitter:label1\" content=\"Estimated reading time\" \/>\n\t<meta name=\"twitter:data1\" content=\"1 minute\" \/>\n<script type=\"application\/ld+json\" class=\"yoast-schema-graph\">{\"@context\":\"https:\/\/schema.org\",\"@graph\":[{\"@type\":\"WebPage\",\"@id\":\"https:\/\/primabooks.eu\/izdelki\/zvezki\/\",\"url\":\"https:\/\/primabooks.eu\/izdelki\/zvezki\/\",\"name\":\"Zvezki - Prima books\",\"isPartOf\":{\"@id\":\"https:\/\/primabooks.eu\/#website\"},\"primaryImageOfPage\":{\"@id\":\"https:\/\/primabooks.eu\/izdelki\/zvezki\/#primaryimage\"},\"image\":{\"@id\":\"https:\/\/primabooks.eu\/izdelki\/zvezki\/#primaryimage\"},\"thumbnailUrl\":\"https:\/\/primabooks.eu\/wp-content\/uploads\/2025\/07\/primabooks-zvezek-small.jpg\",\"datePublished\":\"2025-05-23T14:45:47+00:00\",\"dateModified\":\"2025-09-04T08:48:13+00:00\",\"breadcrumb\":{\"@id\":\"https:\/\/primabooks.eu\/izdelki\/zvezki\/#breadcrumb\"},\"inLanguage\":\"en-GB\",\"potentialAction\":[{\"@type\":\"ReadAction\",\"target\":[\"https:\/\/primabooks.eu\/izdelki\/zvezki\/\"]}]},{\"@type\":\"ImageObject\",\"inLanguage\":\"en-GB\",\"@id\":\"https:\/\/primabooks.eu\/izdelki\/zvezki\/#primaryimage\",\"url\":\"https:\/\/primabooks.eu\/wp-content\/uploads\/2025\/07\/primabooks-zvezek-small.jpg\",\"contentUrl\":\"https:\/\/primabooks.eu\/wp-content\/uploads\/2025\/07\/primabooks-zvezek-small.jpg\",\"width\":1200,\"height\":800},{\"@type\":\"BreadcrumbList\",\"@id\":\"https:\/\/primabooks.eu\/izdelki\/zvezki\/#breadcrumb\",\"itemListElement\":[{\"@type\":\"ListItem\",\"position\":1,\"name\":\"Home\",\"item\":\"https:\/\/primabooks.eu\/\"},{\"@type\":\"ListItem\",\"position\":2,\"name\":\"Izdelki\",\"item\":\"https:\/\/primabooks.eu\/izdelki\/\"},{\"@type\":\"ListItem\",\"position\":3,\"name\":\"Zvezki\"}]},{\"@type\":\"WebSite\",\"@id\":\"https:\/\/primabooks.eu\/#website\",\"url\":\"https:\/\/primabooks.eu\/\",\"name\":\"Prima books\",\"description\":\"\",\"potentialAction\":[{\"@type\":\"SearchAction\",\"target\":{\"@type\":\"EntryPoint\",\"urlTemplate\":\"https:\/\/primabooks.eu\/?s={search_term_string}\"},\"query-input\":{\"@type\":\"PropertyValueSpecification\",\"valueRequired\":true,\"valueName\":\"search_term_string\"}}],\"inLanguage\":\"en-GB\"}]}<\/script>\n<!-- \/ Yoast SEO plugin. -->","yoast_head_json":{"title":"Volumes - Prima books","robots":{"index":"index","follow":"follow","max-snippet":"max-snippet:-1","max-image-preview":"max-image-preview:large","max-video-preview":"max-video-preview:-1"},"canonical":"https:\/\/primabooks.eu\/en\/products-2\/notebooks\/","og_locale":"en_GB","og_type":"article","og_title":"Zvezki - Prima books","og_description":"Cenovno dostopna in hitra oblika vezave, pri kateri se strani zlo\u017eijo in spnejo s kovinskimi sponkami skozi hrbti\u0161\u010de. Primerna za kraj\u0161e in preproste vsebine.","og_url":"https:\/\/primabooks.eu\/en\/products-2\/notebooks\/","og_site_name":"Prima books","article_modified_time":"2025-09-04T08:48:13+00:00","og_image":[{"width":1200,"height":800,"url":"https:\/\/primabooks.eu\/wp-content\/uploads\/2025\/07\/primabooks-zvezek-small.jpg","type":"image\/jpeg"}],"twitter_card":"summary_large_image","twitter_misc":{"Estimated reading time":"1 minute"},"schema":{"@context":"https:\/\/schema.org","@graph":[{"@type":"WebPage","@id":"https:\/\/primabooks.eu\/izdelki\/zvezki\/","url":"https:\/\/primabooks.eu\/izdelki\/zvezki\/","name":"Volumes - Prima books","isPartOf":{"@id":"https:\/\/primabooks.eu\/#website"},"primaryImageOfPage":{"@id":"https:\/\/primabooks.eu\/izdelki\/zvezki\/#primaryimage"},"image":{"@id":"https:\/\/primabooks.eu\/izdelki\/zvezki\/#primaryimage"},"thumbnailUrl":"https:\/\/primabooks.eu\/wp-content\/uploads\/2025\/07\/primabooks-zvezek-small.jpg","datePublished":"2025-05-23T14:45:47+00:00","dateModified":"2025-09-04T08:48:13+00:00","breadcrumb":{"@id":"https:\/\/primabooks.eu\/izdelki\/zvezki\/#breadcrumb"},"inLanguage":"en-GB","potentialAction":[{"@type":"ReadAction","target":["https:\/\/primabooks.eu\/izdelki\/zvezki\/"]}]},{"@type":"ImageObject","inLanguage":"en-GB","@id":"https:\/\/primabooks.eu\/izdelki\/zvezki\/#primaryimage","url":"https:\/\/primabooks.eu\/wp-content\/uploads\/2025\/07\/primabooks-zvezek-small.jpg","contentUrl":"https:\/\/primabooks.eu\/wp-content\/uploads\/2025\/07\/primabooks-zvezek-small.jpg","width":1200,"height":800},{"@type":"BreadcrumbList","@id":"https:\/\/primabooks.eu\/izdelki\/zvezki\/#breadcrumb","itemListElement":[{"@type":"ListItem","position":1,"name":"Home","item":"https:\/\/primabooks.eu\/"},{"@type":"ListItem","position":2,"name":"Izdelki","item":"https:\/\/primabooks.eu\/izdelki\/"},{"@type":"ListItem","position":3,"name":"Zvezki"}]},{"@type":"WebSite","@id":"https:\/\/primabooks.eu\/#website","url":"https:\/\/primabooks.eu\/","name":"Prima books","description":"","potentialAction":[{"@type":"SearchAction","target":{"@type":"EntryPoint","urlTemplate":"https:\/\/primabooks.eu\/?s={search_term_string}"},"query-input":{"@type":"PropertyValueSpecification","valueRequired":true,"valueName":"search_term_string"}}],"inLanguage":"en-GB"}]}},"_links":{"self":[{"href":"https:\/\/primabooks.eu\/en\/wp-json\/wp\/v2\/pages\/275","targetHints":{"allow":["GET"]}}],"collection":[{"href":"https:\/\/primabooks.eu\/en\/wp-json\/wp\/v2\/pages"}],"about":[{"href":"https:\/\/primabooks.eu\/en\/wp-json\/wp\/v2\/types\/page"}],"author":[{"embeddable":true,"href":"https:\/\/primabooks.eu\/en\/wp-json\/wp\/v2\/users\/1"}],"replies":[{"embeddable":true,"href":"https:\/\/primabooks.eu\/en\/wp-json\/wp\/v2\/comments?post=275"}],"version-history":[{"count":5,"href":"https:\/\/primabooks.eu\/en\/wp-json\/wp\/v2\/pages\/275\/revisions"}],"predecessor-version":[{"id":375,"href":"https:\/\/primabooks.eu\/en\/wp-json\/wp\/v2\/pages\/275\/revisions\/375"}],"up":[{"embeddable":true,"href":"https:\/\/primabooks.eu\/en\/wp-json\/wp\/v2\/pages\/20"}],"wp:featuredmedia":[{"embeddable":true,"href":"https:\/\/primabooks.eu\/en\/wp-json\/wp\/v2\/media\/352"}],"wp:attachment":[{"href":"https:\/\/primabooks.eu\/en\/wp-json\/wp\/v2\/media?parent=275"}],"curies":[{"name":"wp","href":"https:\/\/api.w.org\/{rel}","templated":true}]}}