{"id":266,"date":"2025-05-22T22:36:19","date_gmt":"2025-05-22T21:36:19","guid":{"rendered":"https:\/\/primabooks.eu\/?page_id=266"},"modified":"2025-07-18T07:27:37","modified_gmt":"2025-07-18T07:27:37","slug":"company-card","status":"publish","type":"page","link":"https:\/\/primabooks.eu\/en\/company-card\/","title":{"rendered":"Company card"},"content":{"rendered":"","protected":false},"excerpt":{"rendered":"<p>PRIMAbooks is a specialised brand of Prima IP d.o.o., which focuses on high-quality and customisable printing of books and publications. Our team combines years of experience in the printing industry with advanced technology and a personal approach to each project.<\/p>","protected":false},"author":1,"featured_media":353,"parent":0,"menu_order":0,"comment_status":"closed","ping_status":"closed","template":"","meta":{"footnotes":""},"class_list":["post-266","page","type-page","status-publish","has-post-thumbnail","hentry"],"yoast_head":"<!-- This site is optimized with the Yoast SEO plugin v25.9 - https:\/\/yoast.com\/wordpress\/plugins\/seo\/ -->\n<title>Izkaznica podjetja - Prima books<\/title>\n<meta name=\"robots\" content=\"index, follow, max-snippet:-1, max-image-preview:large, max-video-preview:-1\" \/>\n<link rel=\"canonical\" href=\"https:\/\/primabooks.eu\/en\/company-card\/\" \/>\n<meta property=\"og:locale\" content=\"en_GB\" \/>\n<meta property=\"og:type\" content=\"article\" \/>\n<meta property=\"og:title\" content=\"Izkaznica podjetja - Prima books\" \/>\n<meta property=\"og:description\" content=\"PRIMAbooks je specializirana znamka podjetja Prima IP d.o.o., ki se osredoto\u010da na kakovostno in prilagodljivo tiskanje knjig ter publikacij po meri. Na\u0161a ekipa zdru\u017euje dolgoletne izku\u0161nje v tiskarski industriji z napredno tehnologijo in osebnim pristopom do vsakega projekta.\" \/>\n<meta property=\"og:url\" content=\"https:\/\/primabooks.eu\/en\/company-card\/\" \/>\n<meta property=\"og:site_name\" content=\"Prima books\" \/>\n<meta property=\"article:modified_time\" content=\"2025-07-18T07:27:37+00:00\" \/>\n<meta property=\"og:image\" content=\"https:\/\/primabooks.eu\/wp-content\/uploads\/2025\/07\/x-scaled.jpg\" \/>\n\t<meta property=\"og:image:width\" content=\"2560\" \/>\n\t<meta property=\"og:image:height\" content=\"1917\" \/>\n\t<meta property=\"og:image:type\" content=\"image\/jpeg\" \/>\n<meta name=\"twitter:card\" content=\"summary_large_image\" \/>\n<meta name=\"twitter:label1\" content=\"Estimated reading time\" \/>\n\t<meta name=\"twitter:data1\" content=\"1 minute\" \/>\n<script type=\"application\/ld+json\" class=\"yoast-schema-graph\">{\"@context\":\"https:\/\/schema.org\",\"@graph\":[{\"@type\":\"WebPage\",\"@id\":\"https:\/\/primabooks.eu\/izkaznica-podjetja\/\",\"url\":\"https:\/\/primabooks.eu\/izkaznica-podjetja\/\",\"name\":\"Izkaznica podjetja - Prima books\",\"isPartOf\":{\"@id\":\"https:\/\/primabooks.eu\/#website\"},\"primaryImageOfPage\":{\"@id\":\"https:\/\/primabooks.eu\/izkaznica-podjetja\/#primaryimage\"},\"image\":{\"@id\":\"https:\/\/primabooks.eu\/izkaznica-podjetja\/#primaryimage\"},\"thumbnailUrl\":\"https:\/\/primabooks.eu\/wp-content\/uploads\/2025\/07\/x-scaled.jpg\",\"datePublished\":\"2025-05-22T21:36:19+00:00\",\"dateModified\":\"2025-07-18T07:27:37+00:00\",\"breadcrumb\":{\"@id\":\"https:\/\/primabooks.eu\/izkaznica-podjetja\/#breadcrumb\"},\"inLanguage\":\"en-GB\",\"potentialAction\":[{\"@type\":\"ReadAction\",\"target\":[\"https:\/\/primabooks.eu\/izkaznica-podjetja\/\"]}]},{\"@type\":\"ImageObject\",\"inLanguage\":\"en-GB\",\"@id\":\"https:\/\/primabooks.eu\/izkaznica-podjetja\/#primaryimage\",\"url\":\"https:\/\/primabooks.eu\/wp-content\/uploads\/2025\/07\/x-scaled.jpg\",\"contentUrl\":\"https:\/\/primabooks.eu\/wp-content\/uploads\/2025\/07\/x-scaled.jpg\",\"width\":2560,\"height\":1917},{\"@type\":\"BreadcrumbList\",\"@id\":\"https:\/\/primabooks.eu\/izkaznica-podjetja\/#breadcrumb\",\"itemListElement\":[{\"@type\":\"ListItem\",\"position\":1,\"name\":\"Home\",\"item\":\"https:\/\/primabooks.eu\/\"},{\"@type\":\"ListItem\",\"position\":2,\"name\":\"Izkaznica podjetja\"}]},{\"@type\":\"WebSite\",\"@id\":\"https:\/\/primabooks.eu\/#website\",\"url\":\"https:\/\/primabooks.eu\/\",\"name\":\"Prima books\",\"description\":\"\",\"potentialAction\":[{\"@type\":\"SearchAction\",\"target\":{\"@type\":\"EntryPoint\",\"urlTemplate\":\"https:\/\/primabooks.eu\/?s={search_term_string}\"},\"query-input\":{\"@type\":\"PropertyValueSpecification\",\"valueRequired\":true,\"valueName\":\"search_term_string\"}}],\"inLanguage\":\"en-GB\"}]}<\/script>\n<!-- \/ Yoast SEO plugin. -->","yoast_head_json":{"title":"Company card - Prima books","robots":{"index":"index","follow":"follow","max-snippet":"max-snippet:-1","max-image-preview":"max-image-preview:large","max-video-preview":"max-video-preview:-1"},"canonical":"https:\/\/primabooks.eu\/en\/company-card\/","og_locale":"en_GB","og_type":"article","og_title":"Izkaznica podjetja - Prima books","og_description":"PRIMAbooks je specializirana znamka podjetja Prima IP d.o.o., ki se osredoto\u010da na kakovostno in prilagodljivo tiskanje knjig ter publikacij po meri. Na\u0161a ekipa zdru\u017euje dolgoletne izku\u0161nje v tiskarski industriji z napredno tehnologijo in osebnim pristopom do vsakega projekta.","og_url":"https:\/\/primabooks.eu\/en\/company-card\/","og_site_name":"Prima books","article_modified_time":"2025-07-18T07:27:37+00:00","og_image":[{"width":2560,"height":1917,"url":"https:\/\/primabooks.eu\/wp-content\/uploads\/2025\/07\/x-scaled.jpg","type":"image\/jpeg"}],"twitter_card":"summary_large_image","twitter_misc":{"Estimated reading time":"1 minute"},"schema":{"@context":"https:\/\/schema.org","@graph":[{"@type":"WebPage","@id":"https:\/\/primabooks.eu\/izkaznica-podjetja\/","url":"https:\/\/primabooks.eu\/izkaznica-podjetja\/","name":"Company card - Prima books","isPartOf":{"@id":"https:\/\/primabooks.eu\/#website"},"primaryImageOfPage":{"@id":"https:\/\/primabooks.eu\/izkaznica-podjetja\/#primaryimage"},"image":{"@id":"https:\/\/primabooks.eu\/izkaznica-podjetja\/#primaryimage"},"thumbnailUrl":"https:\/\/primabooks.eu\/wp-content\/uploads\/2025\/07\/x-scaled.jpg","datePublished":"2025-05-22T21:36:19+00:00","dateModified":"2025-07-18T07:27:37+00:00","breadcrumb":{"@id":"https:\/\/primabooks.eu\/izkaznica-podjetja\/#breadcrumb"},"inLanguage":"en-GB","potentialAction":[{"@type":"ReadAction","target":["https:\/\/primabooks.eu\/izkaznica-podjetja\/"]}]},{"@type":"ImageObject","inLanguage":"en-GB","@id":"https:\/\/primabooks.eu\/izkaznica-podjetja\/#primaryimage","url":"https:\/\/primabooks.eu\/wp-content\/uploads\/2025\/07\/x-scaled.jpg","contentUrl":"https:\/\/primabooks.eu\/wp-content\/uploads\/2025\/07\/x-scaled.jpg","width":2560,"height":1917},{"@type":"BreadcrumbList","@id":"https:\/\/primabooks.eu\/izkaznica-podjetja\/#breadcrumb","itemListElement":[{"@type":"ListItem","position":1,"name":"Home","item":"https:\/\/primabooks.eu\/"},{"@type":"ListItem","position":2,"name":"Izkaznica podjetja"}]},{"@type":"WebSite","@id":"https:\/\/primabooks.eu\/#website","url":"https:\/\/primabooks.eu\/","name":"Prima books","description":"","potentialAction":[{"@type":"SearchAction","target":{"@type":"EntryPoint","urlTemplate":"https:\/\/primabooks.eu\/?s={search_term_string}"},"query-input":{"@type":"PropertyValueSpecification","valueRequired":true,"valueName":"search_term_string"}}],"inLanguage":"en-GB"}]}},"_links":{"self":[{"href":"https:\/\/primabooks.eu\/en\/wp-json\/wp\/v2\/pages\/266","targetHints":{"allow":["GET"]}}],"collection":[{"href":"https:\/\/primabooks.eu\/en\/wp-json\/wp\/v2\/pages"}],"about":[{"href":"https:\/\/primabooks.eu\/en\/wp-json\/wp\/v2\/types\/page"}],"author":[{"embeddable":true,"href":"https:\/\/primabooks.eu\/en\/wp-json\/wp\/v2\/users\/1"}],"replies":[{"embeddable":true,"href":"https:\/\/primabooks.eu\/en\/wp-json\/wp\/v2\/comments?post=266"}],"version-history":[{"count":3,"href":"https:\/\/primabooks.eu\/en\/wp-json\/wp\/v2\/pages\/266\/revisions"}],"predecessor-version":[{"id":340,"href":"https:\/\/primabooks.eu\/en\/wp-json\/wp\/v2\/pages\/266\/revisions\/340"}],"wp:featuredmedia":[{"embeddable":true,"href":"https:\/\/primabooks.eu\/en\/wp-json\/wp\/v2\/media\/353"}],"wp:attachment":[{"href":"https:\/\/primabooks.eu\/en\/wp-json\/wp\/v2\/media?parent=266"}],"curies":[{"name":"wp","href":"https:\/\/api.w.org\/{rel}","templated":true}]}}